{"id":5,"date":"2021-03-17T05:06:55","date_gmt":"2021-03-17T04:06:55","guid":{"rendered":"http:\/\/wesselnet.de\/Wordpress\/?page_id=5"},"modified":"2021-03-18T17:57:46","modified_gmt":"2021-03-18T16:57:46","slug":"gestalte-deine-website-mit-bloecken","status":"publish","type":"page","link":"https:\/\/wesselnet.de\/Wordpress\/","title":{"rendered":"pcon.planner &#8211; autocad"},"content":{"rendered":"\n<h2 class=\"alignwide has-text-align-center has-text-align-wide has-gigantic-font-size wp-block-heading\" style=\"line-height:1.1\">Hier geht es um die Bedienung und Fragen rund um das Planungsprogramm pCon.planner in Verbindung mit Autocad<\/h2>\n\n\n\n<div class=\"wp-block-columns alignfull is-style-twentytwentyone-columns-overlap is-layout-flex wp-container-core-columns-is-layout-9d6595d7 wp-block-columns-is-layout-flex\">\n<div class=\"wp-block-column is-layout-flow wp-block-column-is-layout-flow\">\n<div class=\"wp-block-image is-style-default\"><figure class=\"aligncenter size-large\"><img loading=\"lazy\" decoding=\"async\" width=\"1024\" height=\"448\" src=\"https:\/\/wesselnet.de\/Wordpress\/wp-content\/uploads\/2021\/03\/200-3-1024x448.jpg\" alt=\"\" class=\"wp-image-90\" srcset=\"https:\/\/wesselnet.de\/Wordpress\/wp-content\/uploads\/2021\/03\/200-3-1024x448.jpg 1024w, https:\/\/wesselnet.de\/Wordpress\/wp-content\/uploads\/2021\/03\/200-3-300x131.jpg 300w, https:\/\/wesselnet.de\/Wordpress\/wp-content\/uploads\/2021\/03\/200-3-768x336.jpg 768w, https:\/\/wesselnet.de\/Wordpress\/wp-content\/uploads\/2021\/03\/200-3-1536x672.jpg 1536w, https:\/\/wesselnet.de\/Wordpress\/wp-content\/uploads\/2021\/03\/200-3-2048x896.jpg 2048w, https:\/\/wesselnet.de\/Wordpress\/wp-content\/uploads\/2021\/03\/200-3-1200x525.jpg 1200w, https:\/\/wesselnet.de\/Wordpress\/wp-content\/uploads\/2021\/03\/200-3-1980x866.jpg 1980w\" sizes=\"auto, (max-width: 1024px) 100vw, 1024px\" \/><figcaption>Planungsbeispiel erstellt mit pCon.planner und Autocad LT<\/figcaption><\/figure><\/div>\n<\/div>\n<\/div>\n\n\n\n<div class=\"wp-block-columns alignwide are-vertically-aligned-top is-layout-flex wp-container-core-columns-is-layout-9d6595d7 wp-block-columns-is-layout-flex\">\n<div class=\"wp-block-column is-layout-flow wp-block-column-is-layout-flow\">\n<h2 class=\"wp-block-heading\">pCon.planner<\/h2>\n\n\n\n<p>Der pCon.planner ist ein 3D Planungsprogramm, mit dem sich sehr einfach R\u00e4ume erstellen und gestalten lassen. Es gibt eine sehr gro\u00dfe Community, die auf dem 3D Warehouse der Firma Sketchup viele verschieden Modelle zum download anbietet. Dort kann man nat\u00fcrlich auch seine eigenen Modelle zur Verf\u00fcgung stellen. Es gibt 2 Versionen des planners, eine &#8222;normale&#8220; Version, die zum privaten Gebrauch zur Verf\u00fcgung steht und fast alle Zeichen- und Planungsfunktionen zur Verf\u00fcgung stellt, die es auch in der professionellen Version gibt. Diese bietet Herstellern von M\u00f6beln, Einrichtungsgegenst\u00e4nden, Boden- und Wandbe\u00e4gen etc. die M\u00f6glichkeit, ihre Modelle f\u00fcr Planungen zu Verf\u00fcgung zu stellen. Diese Modelle sind variabel, sie k\u00f6nnen in Ihren Eigenschaften angepasst werden und die aktuellen Daten samt Preisen k\u00f6nnen an ein Warenwirtschaftsprogram \u00fcbergeben werden.<\/p>\n\n\n\n<p class=\"has-text-align-left\">In diesem Blog soll es aber haupts\u00e4chlich um die Bedienung an sich und die Zusammenarbeit mit Autocad gehen. <\/p>\n\n\n\n<p class=\"has-text-align-left\">Hier die links zum download: <\/p>\n\n\n\n<p class=\"has-text-align-left\">pCon.planner: <br><a href=\"https:\/\/pcon-planner.com\/de\/\">https:\/\/pcon-planner.com\/de\/<\/a> <\/p>\n\n\n\n<p class=\"has-text-align-left\">3D Warehouse: <br><a href=\"https:\/\/3dwarehouse.sketchup.com\/\">https:\/\/3dwarehouse.sketchup.com\/<\/a><\/p>\n\n\n\n<h2 class=\"wp-block-heading\">Autocad<\/h2>\n\n\n\n<p>Die CAD Software Autocad sollte jedem CAD Anwender bekannt sein. Wir benutzen es um die Grundrisse vorzubereiten, Architektenpl\u00e4ne zu bereinigen und auf unsere Bed\u00fcrfnisse anzupassen. Die 2D Zeichnugsbestandteile lassen sich in Autocad leichter bearbeiten als in dem oben vorgestellten pCon.planner. Dies liegt aber nur in der jahrelangen Arbeit mit Autocad und der einstudierten Bedienung des Programmes. Neue Anwender, oder auch Anwender von anderen Zeichenprogrammen kommen eventuell besser im pCon.planner zurecht und arbeiten wenig in Autocad. Autocad stellt aber wesentlich mehr Zeichenfunktionen als der pCon.planner zur Verf\u00fcgung, was meiner Ansicht eine Bearbeitung im 2D Bereich wesentlich vereinfacht.<\/p>\n\n\n\n<h2 class=\"wp-block-heading\">Worum geht es hier?<\/h2>\n\n\n\n<p>Diese Internetseite besch\u00e4ftigt sich mit der Zusammenarbeit der beiden Programme und die Grundlagen, die zu einer vern\u00fcftigen Zusammenarbeit geh\u00f6ren. Wir benutzen viele selbst erstellte 3D Element mit dazugeh\u00f6renden 2D Ebenen um ein professionelles Layout zu erstellen und auch ansprechende und informative Bilder, Videos und 3D Darstellunugen zu erzeugen. F\u00fcr die Layouts wird bei der Benutzung der Standard pCon.planner Version Autocad auf jeden Fall ben\u00f6tigt, da nur in der PRO Versin des pCon.planners Layouts erzeugt werden k\u00f6nnen.<\/p>\n<\/div>\n<\/div>\n\n\n\n<p><\/p>\n\n\n\n<p><\/p>\n","protected":false},"excerpt":{"rendered":"<p>Hier geht es um die Bedienung und Fragen rund um das Planungsprogramm pCon.planner in Verbindung mit Autocad pCon.planner Der pCon.planner ist ein 3D Planungsprogramm, mit dem sich sehr einfach R\u00e4ume erstellen und gestalten lassen. Es gibt eine sehr gro\u00dfe Community, die auf dem 3D Warehouse der Firma Sketchup viele verschieden Modelle zum download anbietet. Dort [&hellip;]<\/p>\n","protected":false},"author":1,"featured_media":0,"parent":0,"menu_order":0,"comment_status":"closed","ping_status":"closed","template":"","meta":{"footnotes":""},"class_list":["post-5","page","type-page","status-publish","hentry"],"_links":{"self":[{"href":"https:\/\/wesselnet.de\/Wordpress\/wp-json\/wp\/v2\/pages\/5","targetHints":{"allow":["GET"]}}],"collection":[{"href":"https:\/\/wesselnet.de\/Wordpress\/wp-json\/wp\/v2\/pages"}],"about":[{"href":"https:\/\/wesselnet.de\/Wordpress\/wp-json\/wp\/v2\/types\/page"}],"author":[{"embeddable":true,"href":"https:\/\/wesselnet.de\/Wordpress\/wp-json\/wp\/v2\/users\/1"}],"replies":[{"embeddable":true,"href":"https:\/\/wesselnet.de\/Wordpress\/wp-json\/wp\/v2\/comments?post=5"}],"version-history":[{"count":10,"href":"https:\/\/wesselnet.de\/Wordpress\/wp-json\/wp\/v2\/pages\/5\/revisions"}],"predecessor-version":[{"id":97,"href":"https:\/\/wesselnet.de\/Wordpress\/wp-json\/wp\/v2\/pages\/5\/revisions\/97"}],"wp:attachment":[{"href":"https:\/\/wesselnet.de\/Wordpress\/wp-json\/wp\/v2\/media?parent=5"}],"curies":[{"name":"wp","href":"https:\/\/api.w.org\/{rel}","templated":true}]}}